{"id":24706,"date":"2025-09-03T15:59:18","date_gmt":"2025-09-03T13:59:18","guid":{"rendered":"https:\/\/monfilou.fr\/produkt\/2tlg-baby-set-gr-62-regenbogen-rosa\/"},"modified":"2025-09-04T10:28:41","modified_gmt":"2025-09-04T08:28:41","slug":"2tlg-baby-set-gr-62-regenbogen-rosa","status":"publish","type":"product","link":"https:\/\/monfilou.fr\/fr\/produkt\/2tlg-baby-set-gr-62-regenbogen-rosa\/","title":{"rendered":"set de b\u00e9b\u00e9, 2pcs, taille 62, arc en ciel, rose"},"content":{"rendered":"<p>Si tu cherches un set particulier pour ton b\u00e9b\u00e9 ou comme cadeau, tu es ici au bon endroit.<\/p>\n<p>Set constitu\u00e9 d\u2019une barboteuse et d\u2019un bonnet.<\/p>\n<p>Tissu : Jersey 95% coton et 5% \u00e9lasthanne.<\/p>\n","protected":false},"excerpt":{"rendered":"<p>Si tu cherches un set particulier pour ton b\u00e9b\u00e9 ou comme cadeau, tu es ici au bon endroit. Set constitu\u00e9 d\u2019une barboteuse et d\u2019un bonnet. Tissu : Jersey 95% coton et 5% \u00e9lasthanne.<\/p>\n","protected":false},"featured_media":24527,"template":"","meta":[],"product_brand":[],"product_cat":[362,389],"product_tag":[616,595,757,704],"class_list":{"0":"post-24706","1":"product","2":"type-product","3":"status-publish","4":"has-post-thumbnail","6":"product_cat-mode-bebe","7":"product_cat-taille-62","8":"product_tag-arc-en-ciel","9":"product_tag-fille","10":"product_tag-pastell-fr","11":"product_tag-rosa-fr","12":"description-off","14":"first","15":"instock","16":"sold-individually","17":"shipping-taxable","18":"purchasable","19":"product-type-simple","20":"add-to-wishlist-after_add_to_cart"},"yoast_head":"<!-- This site is optimized with the Yoast SEO plugin v27.4 - https:\/\/yoast.com\/product\/yoast-seo-wordpress\/ -->\n<title>set de b\u00e9b\u00e9, 2pcs, taille 62, arc en ciel, rose - Mon Filou<\/title>\n<meta name=\"robots\" content=\"index, follow, max-snippet:-1, max-image-preview:large, max-video-preview:-1\" \/>\n<link rel=\"canonical\" href=\"https:\/\/monfilou.fr\/fr\/produkt\/2tlg-baby-set-gr-62-regenbogen-rosa\/\" \/>\n<meta property=\"og:locale\" content=\"fr_FR\" \/>\n<meta property=\"og:type\" content=\"article\" \/>\n<meta property=\"og:title\" content=\"set de b\u00e9b\u00e9, 2pcs, taille 62, arc en ciel, rose - Mon Filou\" \/>\n<meta property=\"og:description\" content=\"Si tu cherches un set particulier pour ton b\u00e9b\u00e9 ou comme cadeau, tu es ici au bon endroit. Set constitu\u00e9 d\u2019une barboteuse et d\u2019un bonnet. Tissu : Jersey 95% coton et 5% \u00e9lasthanne.\" \/>\n<meta property=\"og:url\" content=\"https:\/\/monfilou.fr\/fr\/produkt\/2tlg-baby-set-gr-62-regenbogen-rosa\/\" \/>\n<meta property=\"og:site_name\" content=\"Mon Filou\" \/>\n<meta property=\"article:publisher\" content=\"https:\/\/www.facebook.com\/Mon.Filou.Noah\/\" \/>\n<meta property=\"article:modified_time\" content=\"2025-09-04T08:28:41+00:00\" \/>\n<meta property=\"og:image\" content=\"https:\/\/monfilou.fr\/wp-content\/uploads\/2025\/05\/1-1-2.jpg\" \/>\n\t<meta property=\"og:image:width\" content=\"932\" \/>\n\t<meta property=\"og:image:height\" content=\"1400\" \/>\n\t<meta property=\"og:image:type\" content=\"image\/jpeg\" \/>\n<meta name=\"twitter:card\" content=\"summary_large_image\" \/>\n<meta name=\"twitter:label1\" content=\"Dur\u00e9e de lecture estim\u00e9e\" \/>\n\t<meta name=\"twitter:data1\" content=\"1 minute\" \/>\n<script type=\"application\/ld+json\" class=\"yoast-schema-graph\">{\"@context\":\"https:\\\/\\\/schema.org\",\"@graph\":[{\"@type\":\"WebPage\",\"@id\":\"https:\\\/\\\/monfilou.fr\\\/fr\\\/produkt\\\/2tlg-baby-set-gr-62-regenbogen-rosa\\\/\",\"url\":\"https:\\\/\\\/monfilou.fr\\\/fr\\\/produkt\\\/2tlg-baby-set-gr-62-regenbogen-rosa\\\/\",\"name\":\"set de b\u00e9b\u00e9, 2pcs, taille 62, arc en ciel, rose - Mon Filou\",\"isPartOf\":{\"@id\":\"https:\\\/\\\/monfilou.fr\\\/fr\\\/#website\"},\"primaryImageOfPage\":{\"@id\":\"https:\\\/\\\/monfilou.fr\\\/fr\\\/produkt\\\/2tlg-baby-set-gr-62-regenbogen-rosa\\\/#primaryimage\"},\"image\":{\"@id\":\"https:\\\/\\\/monfilou.fr\\\/fr\\\/produkt\\\/2tlg-baby-set-gr-62-regenbogen-rosa\\\/#primaryimage\"},\"thumbnailUrl\":\"https:\\\/\\\/monfilou.fr\\\/wp-content\\\/uploads\\\/2025\\\/05\\\/1-1-2.jpg\",\"datePublished\":\"2025-09-03T13:59:18+00:00\",\"dateModified\":\"2025-09-04T08:28:41+00:00\",\"breadcrumb\":{\"@id\":\"https:\\\/\\\/monfilou.fr\\\/fr\\\/produkt\\\/2tlg-baby-set-gr-62-regenbogen-rosa\\\/#breadcrumb\"},\"inLanguage\":\"fr-FR\",\"potentialAction\":[{\"@type\":\"ReadAction\",\"target\":[\"https:\\\/\\\/monfilou.fr\\\/fr\\\/produkt\\\/2tlg-baby-set-gr-62-regenbogen-rosa\\\/\"]}]},{\"@type\":\"ImageObject\",\"inLanguage\":\"fr-FR\",\"@id\":\"https:\\\/\\\/monfilou.fr\\\/fr\\\/produkt\\\/2tlg-baby-set-gr-62-regenbogen-rosa\\\/#primaryimage\",\"url\":\"https:\\\/\\\/monfilou.fr\\\/wp-content\\\/uploads\\\/2025\\\/05\\\/1-1-2.jpg\",\"contentUrl\":\"https:\\\/\\\/monfilou.fr\\\/wp-content\\\/uploads\\\/2025\\\/05\\\/1-1-2.jpg\",\"width\":932,\"height\":1400},{\"@type\":\"BreadcrumbList\",\"@id\":\"https:\\\/\\\/monfilou.fr\\\/fr\\\/produkt\\\/2tlg-baby-set-gr-62-regenbogen-rosa\\\/#breadcrumb\",\"itemListElement\":[{\"@type\":\"ListItem\",\"position\":1,\"name\":\"Startseite\",\"item\":\"https:\\\/\\\/monfilou.fr\\\/fr\\\/\"},{\"@type\":\"ListItem\",\"position\":2,\"name\":\"Boutique\",\"item\":\"https:\\\/\\\/monfilou.fr\\\/fr\\\/boutique\\\/\"},{\"@type\":\"ListItem\",\"position\":3,\"name\":\"set de b\u00e9b\u00e9, 2pcs, taille 62, arc en ciel, rose\"}]},{\"@type\":\"WebSite\",\"@id\":\"https:\\\/\\\/monfilou.fr\\\/fr\\\/#website\",\"url\":\"https:\\\/\\\/monfilou.fr\\\/fr\\\/\",\"name\":\"Mon Filou\",\"description\":\"Handmade in France\",\"publisher\":{\"@id\":\"https:\\\/\\\/monfilou.fr\\\/fr\\\/#organization\"},\"potentialAction\":[{\"@type\":\"SearchAction\",\"target\":{\"@type\":\"EntryPoint\",\"urlTemplate\":\"https:\\\/\\\/monfilou.fr\\\/fr\\\/?s={search_term_string}\"},\"query-input\":{\"@type\":\"PropertyValueSpecification\",\"valueRequired\":true,\"valueName\":\"search_term_string\"}}],\"inLanguage\":\"fr-FR\"},{\"@type\":\"Organization\",\"@id\":\"https:\\\/\\\/monfilou.fr\\\/fr\\\/#organization\",\"name\":\"Mon Filou, Melanie Futterer\",\"url\":\"https:\\\/\\\/monfilou.fr\\\/fr\\\/\",\"logo\":{\"@type\":\"ImageObject\",\"inLanguage\":\"fr-FR\",\"@id\":\"https:\\\/\\\/monfilou.fr\\\/fr\\\/#\\\/schema\\\/logo\\\/image\\\/\",\"url\":\"https:\\\/\\\/monfilou.fr\\\/wp-content\\\/uploads\\\/2021\\\/12\\\/logo-gross.png\",\"contentUrl\":\"https:\\\/\\\/monfilou.fr\\\/wp-content\\\/uploads\\\/2021\\\/12\\\/logo-gross.png\",\"width\":400,\"height\":400,\"caption\":\"Mon Filou, Melanie Futterer\"},\"image\":{\"@id\":\"https:\\\/\\\/monfilou.fr\\\/fr\\\/#\\\/schema\\\/logo\\\/image\\\/\"},\"sameAs\":[\"https:\\\/\\\/www.facebook.com\\\/Mon.Filou.Noah\\\/\",\"https:\\\/\\\/www.instagram.com\\\/mon.filou.noah\\\/\"]}]}<\/script>\n<!-- \/ Yoast SEO plugin. -->","yoast_head_json":{"title":"set de b\u00e9b\u00e9, 2pcs, taille 62, arc en ciel, rose - Mon Filou","robots":{"index":"index","follow":"follow","max-snippet":"max-snippet:-1","max-image-preview":"max-image-preview:large","max-video-preview":"max-video-preview:-1"},"canonical":"https:\/\/monfilou.fr\/fr\/produkt\/2tlg-baby-set-gr-62-regenbogen-rosa\/","og_locale":"fr_FR","og_type":"article","og_title":"set de b\u00e9b\u00e9, 2pcs, taille 62, arc en ciel, rose - Mon Filou","og_description":"Si tu cherches un set particulier pour ton b\u00e9b\u00e9 ou comme cadeau, tu es ici au bon endroit. Set constitu\u00e9 d\u2019une barboteuse et d\u2019un bonnet. Tissu : Jersey 95% coton et 5% \u00e9lasthanne.","og_url":"https:\/\/monfilou.fr\/fr\/produkt\/2tlg-baby-set-gr-62-regenbogen-rosa\/","og_site_name":"Mon Filou","article_publisher":"https:\/\/www.facebook.com\/Mon.Filou.Noah\/","article_modified_time":"2025-09-04T08:28:41+00:00","og_image":[{"width":932,"height":1400,"url":"https:\/\/monfilou.fr\/wp-content\/uploads\/2025\/05\/1-1-2.jpg","type":"image\/jpeg"}],"twitter_card":"summary_large_image","twitter_misc":{"Dur\u00e9e de lecture estim\u00e9e":"1 minute"},"schema":{"@context":"https:\/\/schema.org","@graph":[{"@type":"WebPage","@id":"https:\/\/monfilou.fr\/fr\/produkt\/2tlg-baby-set-gr-62-regenbogen-rosa\/","url":"https:\/\/monfilou.fr\/fr\/produkt\/2tlg-baby-set-gr-62-regenbogen-rosa\/","name":"set de b\u00e9b\u00e9, 2pcs, taille 62, arc en ciel, rose - Mon Filou","isPartOf":{"@id":"https:\/\/monfilou.fr\/fr\/#website"},"primaryImageOfPage":{"@id":"https:\/\/monfilou.fr\/fr\/produkt\/2tlg-baby-set-gr-62-regenbogen-rosa\/#primaryimage"},"image":{"@id":"https:\/\/monfilou.fr\/fr\/produkt\/2tlg-baby-set-gr-62-regenbogen-rosa\/#primaryimage"},"thumbnailUrl":"https:\/\/monfilou.fr\/wp-content\/uploads\/2025\/05\/1-1-2.jpg","datePublished":"2025-09-03T13:59:18+00:00","dateModified":"2025-09-04T08:28:41+00:00","breadcrumb":{"@id":"https:\/\/monfilou.fr\/fr\/produkt\/2tlg-baby-set-gr-62-regenbogen-rosa\/#breadcrumb"},"inLanguage":"fr-FR","potentialAction":[{"@type":"ReadAction","target":["https:\/\/monfilou.fr\/fr\/produkt\/2tlg-baby-set-gr-62-regenbogen-rosa\/"]}]},{"@type":"ImageObject","inLanguage":"fr-FR","@id":"https:\/\/monfilou.fr\/fr\/produkt\/2tlg-baby-set-gr-62-regenbogen-rosa\/#primaryimage","url":"https:\/\/monfilou.fr\/wp-content\/uploads\/2025\/05\/1-1-2.jpg","contentUrl":"https:\/\/monfilou.fr\/wp-content\/uploads\/2025\/05\/1-1-2.jpg","width":932,"height":1400},{"@type":"BreadcrumbList","@id":"https:\/\/monfilou.fr\/fr\/produkt\/2tlg-baby-set-gr-62-regenbogen-rosa\/#breadcrumb","itemListElement":[{"@type":"ListItem","position":1,"name":"Startseite","item":"https:\/\/monfilou.fr\/fr\/"},{"@type":"ListItem","position":2,"name":"Boutique","item":"https:\/\/monfilou.fr\/fr\/boutique\/"},{"@type":"ListItem","position":3,"name":"set de b\u00e9b\u00e9, 2pcs, taille 62, arc en ciel, rose"}]},{"@type":"WebSite","@id":"https:\/\/monfilou.fr\/fr\/#website","url":"https:\/\/monfilou.fr\/fr\/","name":"Mon Filou","description":"Handmade in France","publisher":{"@id":"https:\/\/monfilou.fr\/fr\/#organization"},"potentialAction":[{"@type":"SearchAction","target":{"@type":"EntryPoint","urlTemplate":"https:\/\/monfilou.fr\/fr\/?s={search_term_string}"},"query-input":{"@type":"PropertyValueSpecification","valueRequired":true,"valueName":"search_term_string"}}],"inLanguage":"fr-FR"},{"@type":"Organization","@id":"https:\/\/monfilou.fr\/fr\/#organization","name":"Mon Filou, Melanie Futterer","url":"https:\/\/monfilou.fr\/fr\/","logo":{"@type":"ImageObject","inLanguage":"fr-FR","@id":"https:\/\/monfilou.fr\/fr\/#\/schema\/logo\/image\/","url":"https:\/\/monfilou.fr\/wp-content\/uploads\/2021\/12\/logo-gross.png","contentUrl":"https:\/\/monfilou.fr\/wp-content\/uploads\/2021\/12\/logo-gross.png","width":400,"height":400,"caption":"Mon Filou, Melanie Futterer"},"image":{"@id":"https:\/\/monfilou.fr\/fr\/#\/schema\/logo\/image\/"},"sameAs":["https:\/\/www.facebook.com\/Mon.Filou.Noah\/","https:\/\/www.instagram.com\/mon.filou.noah\/"]}]}},"_links":{"self":[{"href":"https:\/\/monfilou.fr\/fr\/wp-json\/wp\/v2\/product\/24706","targetHints":{"allow":["GET"]}}],"collection":[{"href":"https:\/\/monfilou.fr\/fr\/wp-json\/wp\/v2\/product"}],"about":[{"href":"https:\/\/monfilou.fr\/fr\/wp-json\/wp\/v2\/types\/product"}],"wp:featuredmedia":[{"embeddable":true,"href":"https:\/\/monfilou.fr\/fr\/wp-json\/wp\/v2\/media\/24527"}],"wp:attachment":[{"href":"https:\/\/monfilou.fr\/fr\/wp-json\/wp\/v2\/media?parent=24706"}],"wp:term":[{"taxonomy":"product_brand","embeddable":true,"href":"https:\/\/monfilou.fr\/fr\/wp-json\/wp\/v2\/product_brand?post=24706"},{"taxonomy":"product_cat","embeddable":true,"href":"https:\/\/monfilou.fr\/fr\/wp-json\/wp\/v2\/product_cat?post=24706"},{"taxonomy":"product_tag","embeddable":true,"href":"https:\/\/monfilou.fr\/fr\/wp-json\/wp\/v2\/product_tag?post=24706"}],"curies":[{"name":"wp","href":"https:\/\/api.w.org\/{rel}","templated":true}]}}